{"id":6357,"date":"2017-12-02T11:00:25","date_gmt":"2017-12-02T10:00:25","guid":{"rendered":"http:\/\/feuerwehr-wolnzach.de\/cms\/?page_id=6357"},"modified":"2018-01-30T08:20:59","modified_gmt":"2018-01-30T07:20:59","slug":"uebung-erste-hilfe","status":"publish","type":"page","link":"https:\/\/feuerwehr-wolnzach.de\/cms\/feuerwehr\/uebung-erste-hilfe\/","title":{"rendered":"\u00dcbung: Erste Hilfe"},"content":{"rendered":"<p class=\"\" style=\"text-align: justify;\">01.12.2017 &#8211; An der vorerst letzten \u00dcbung des Jahres stand am heutigen Abend das Thema Erste Hilfe auf dem Plan.&nbsp;<br class=\"\">In der \u00dcbung wurden die Themen Reanimation, sowie die richtige Handhabung einer sog. Cervicalst\u00fctze (ist ein zirkul\u00e4rer Halsverband zur Entlastung der Halsstrukturen), umgangssprachlich auch &#8222;Stifneck&#8220; oder &#8222;Halswirbels\u00e4ulenschiene&#8220; genannt,&nbsp;besprochen.<\/p>\n<h3 class=\"o-cms-content__headline \"><img loading=\"lazy\" decoding=\"async\" class=\"size-medium wp-image-6363 alignleft\" style=\"font-size: 16px;\" src=\"http:\/\/feuerwehr-wolnzach.de\/cms\/wp-content\/uploads\/2017\/12\/RM5_3058-300x200.jpg\" alt=\"\" width=\"300\" height=\"200\" srcset=\"https:\/\/feuerwehr-wolnzach.de\/cms\/wp-content\/uploads\/2017\/12\/RM5_3058-300x200.jpg 300w, https:\/\/feuerwehr-wolnzach.de\/cms\/wp-content\/uploads\/2017\/12\/RM5_3058-768x512.jpg 768w, https:\/\/feuerwehr-wolnzach.de\/cms\/wp-content\/uploads\/2017\/12\/RM5_3058-1024x682.jpg 1024w, https:\/\/feuerwehr-wolnzach.de\/cms\/wp-content\/uploads\/2017\/12\/RM5_3058-272x182.jpg 272w, https:\/\/feuerwehr-wolnzach.de\/cms\/wp-content\/uploads\/2017\/12\/RM5_3058.jpg 2000w\" sizes=\"auto, (max-width: 300px) 100vw, 300px\" \/>Herz-Lungen-Wiederbelebung<\/h3>\n<p class=\"o-cms-content__headline \" style=\"text-align: justify;\">Reanimationen kommen zum Gl\u00fcck nur sehr selten vor (im Rettungsdienst etwa 3-4x pro Jahr, die Feuerwehr kommt noch viel&nbsp;seltener dazu), an einer \u00dcbungspuppe wurde die Reanimation ge\u00fcbt, nach der Regel 30:2.<br class=\"\">Dabei ist es wichtig, die richtige&nbsp;Druckfrequenz von mind. 100\/ bis max. 120\/Minute einzuhalten.&nbsp;Beatmung und Herzdruckmassage erfolgen im steten Wechsel: 30 x Dr\u00fccken, 2 x Beatmen,&nbsp;so lange bis der Rettungsdienst vor Ort den Patienten \u00fcbernommen hat.<\/p>\n<h3 class=\"\"><img loading=\"lazy\" decoding=\"async\" class=\"size-medium wp-image-6361 alignleft\" style=\"font-size: 16px;\" src=\"http:\/\/feuerwehr-wolnzach.de\/cms\/wp-content\/uploads\/2017\/12\/RM5_3059-300x200.jpg\" alt=\"\" width=\"300\" height=\"200\" srcset=\"https:\/\/feuerwehr-wolnzach.de\/cms\/wp-content\/uploads\/2017\/12\/RM5_3059-300x200.jpg 300w, https:\/\/feuerwehr-wolnzach.de\/cms\/wp-content\/uploads\/2017\/12\/RM5_3059-768x512.jpg 768w, https:\/\/feuerwehr-wolnzach.de\/cms\/wp-content\/uploads\/2017\/12\/RM5_3059-1024x682.jpg 1024w, https:\/\/feuerwehr-wolnzach.de\/cms\/wp-content\/uploads\/2017\/12\/RM5_3059-272x182.jpg 272w, https:\/\/feuerwehr-wolnzach.de\/cms\/wp-content\/uploads\/2017\/12\/RM5_3059.jpg 2000w\" sizes=\"auto, (max-width: 300px) 100vw, 300px\" \/>Handhabung eines &#8222;Stifnecks&#8220;<\/h3>\n<p class=\"\" style=\"text-align: justify;\">Halswirbels\u00e4ulen-Verletzungen kommen bei Unf\u00e4llen sehr h\u00e4ufig vor. Deshalb ist die richtige Handhabung einer Halswirbels\u00e4ulenschiene extrem wichtig, um m\u00f6gliche Folgesch\u00e4den des Patienten vorzubeugen. Hier wurde mit zwei verschiedenen Modellen das Anlegen an freiwilligen Kameraden ge\u00fcbt.<\/p>\n<p>&nbsp;<\/p>\n<p>&nbsp;<\/p>\n<p>&nbsp;<\/p>\n<p>&nbsp;<\/p>\n<p>&nbsp;<\/p>\n<p class=\"\"><span style=\"color: #000000;\"><strong>Eine Erste Hilfe Ausbildung hat jeder Feuerwehrmann und jede Feuerwehrfrau bereits in der Grundausbildung durchlaufen. Wir \u00fcben allerdings mehrmals im Jahr verschiedene Themen, um am Unfallort die richtigen Ma\u00dfnahmen anwenden zu k\u00f6nnen, bzw. Unterst\u00fctzen den Rettungsdienst.<\/strong><\/span><\/p>\n<p>-rm-<\/p>\n<p>&nbsp;<\/p>\n<p><img loading=\"lazy\" decoding=\"async\" class=\"size-full wp-image-6364 aligncenter\" src=\"http:\/\/feuerwehr-wolnzach.de\/cms\/wp-content\/uploads\/2017\/12\/RM5_3041.jpg\" alt=\"\" width=\"2000\" height=\"1333\" srcset=\"https:\/\/feuerwehr-wolnzach.de\/cms\/wp-content\/uploads\/2017\/12\/RM5_3041.jpg 2000w, https:\/\/feuerwehr-wolnzach.de\/cms\/wp-content\/uploads\/2017\/12\/RM5_3041-300x200.jpg 300w, https:\/\/feuerwehr-wolnzach.de\/cms\/wp-content\/uploads\/2017\/12\/RM5_3041-768x512.jpg 768w, https:\/\/feuerwehr-wolnzach.de\/cms\/wp-content\/uploads\/2017\/12\/RM5_3041-1024x682.jpg 1024w, https:\/\/feuerwehr-wolnzach.de\/cms\/wp-content\/uploads\/2017\/12\/RM5_3041-272x182.jpg 272w\" sizes=\"auto, (max-width: 2000px) 100vw, 2000px\" \/><\/p>\n","protected":false},"excerpt":{"rendered":"<p>01.12.2017 &#8211; An der vorerst letzten \u00dcbung des Jahres stand am heutigen Abend das Thema Erste Hilfe auf dem Plan.&nbsp;In der \u00dcbung wurden die<\/p>\n<p class=\"link-more\"><a class=\"read-more\" href=\"https:\/\/feuerwehr-wolnzach.de\/cms\/feuerwehr\/uebung-erste-hilfe\/\">weiterlesen<\/a><\/p>\n","protected":false},"author":2,"featured_media":6358,"parent":2040,"menu_order":0,"comment_status":"closed","ping_status":"closed","template":"","meta":{"ngg_post_thumbnail":0,"footnotes":""},"class_list":["post-6357","page","type-page","status-publish","has-post-thumbnail","hentry"],"jetpack_shortlink":"https:\/\/wp.me\/P90SfJ-1Ex","jetpack_sharing_enabled":true,"_links":{"self":[{"href":"https:\/\/feuerwehr-wolnzach.de\/cms\/wp-json\/wp\/v2\/pages\/6357","targetHints":{"allow":["GET"]}}],"collection":[{"href":"https:\/\/feuerwehr-wolnzach.de\/cms\/wp-json\/wp\/v2\/pages"}],"about":[{"href":"https:\/\/feuerwehr-wolnzach.de\/cms\/wp-json\/wp\/v2\/types\/page"}],"author":[{"embeddable":true,"href":"https:\/\/feuerwehr-wolnzach.de\/cms\/wp-json\/wp\/v2\/users\/2"}],"replies":[{"embeddable":true,"href":"https:\/\/feuerwehr-wolnzach.de\/cms\/wp-json\/wp\/v2\/comments?post=6357"}],"version-history":[{"count":14,"href":"https:\/\/feuerwehr-wolnzach.de\/cms\/wp-json\/wp\/v2\/pages\/6357\/revisions"}],"predecessor-version":[{"id":8505,"href":"https:\/\/feuerwehr-wolnzach.de\/cms\/wp-json\/wp\/v2\/pages\/6357\/revisions\/8505"}],"up":[{"embeddable":true,"href":"https:\/\/feuerwehr-wolnzach.de\/cms\/wp-json\/wp\/v2\/pages\/2040"}],"wp:featuredmedia":[{"embeddable":true,"href":"https:\/\/feuerwehr-wolnzach.de\/cms\/wp-json\/wp\/v2\/media\/6358"}],"wp:attachment":[{"href":"https:\/\/feuerwehr-wolnzach.de\/cms\/wp-json\/wp\/v2\/media?parent=6357"}],"curies":[{"name":"wp","href":"https:\/\/api.w.org\/{rel}","templated":true}]}}