{"id":6452,"date":"2017-04-30T13:19:56","date_gmt":"2017-04-30T11:19:56","guid":{"rendered":"http:\/\/feuerwehr-wolnzach.de\/cms\/?page_id=6452"},"modified":"2018-01-30T08:24:07","modified_gmt":"2018-01-30T07:24:07","slug":"pruefung-modulare-truppausbildung-mta","status":"publish","type":"page","link":"https:\/\/feuerwehr-wolnzach.de\/cms\/feuerwehr\/pruefung-modulare-truppausbildung-mta\/","title":{"rendered":"Pr\u00fcfung Modulare Truppausbildung (MTA)"},"content":{"rendered":"<div id=\"pl-6452\"  class=\"panel-layout\" ><div id=\"pg-6452-0\"  class=\"panel-grid panel-no-style\" ><div id=\"pgc-6452-0-0\"  class=\"panel-grid-cell\" ><div id=\"panel-6452-0-0-0\" class=\"so-panel widget widget_sow-editor panel-first-child\" data-index=\"0\" ><div\n\t\t\t\n\t\t\tclass=\"so-widget-sow-editor so-widget-sow-editor-base\"\n\t\t\t\n\t\t>\n<div class=\"siteorigin-widget-tinymce textwidget\">\n\t<div style=\"text-align: justify;\">22.04.2017 - Seit kurzem wurde die Grundausbildung der bayerischen Feuerwehren ge\u00e4ndert. Im Vergleich zu vorher, kann die jetzige sogenannte \"Modulare Truppausbildung\" (MTA) nun deutlich besser an die Bed\u00fcrfnisse und technische Ausstattung der jeweiligen Wehren angepasst werden. Zu Beginn der Ausbildung m\u00fcssen aber nat\u00fcrlich weiterhin alle wichtigen Grundkenntnisse erlernt werden. Dies passiert im ersten von insgesamt drei Modulen innerhalb in der MTA.<\/div>\n<div style=\"text-align: justify;\">\u00a0<\/div>\n<div style=\"text-align: justify;\">Seit Anfang des Jahres wurde nun erstmals ortsteil\u00fcbergreifend unter Leitung von Georg Mirlach nach der neuen Modularen Truppausbildung die Lehrg\u00e4nge abgehalten. Dazu wurden an 10 Tagen unter der Woche am Abend sowie an 4 Samstagen Unterricht abgehalten.<\/div>\n<div style=\"text-align: justify;\">\u00a0<\/div>\n<div style=\"text-align: justify;\">Und nun stand f\u00fcr insgesamt 16 Teilnehmer von den Feuerwehren aus Eschelbach, Larsbach, Niederlauterbach und Wolnzach sowohl in Theorie als auch in der Praxis die Pr\u00fcfung an, welche im wolnzacher Ger\u00e4tehaus stattfand.<\/div>\n<div style=\"text-align: justify;\">\u00a0<\/div>\n<div style=\"text-align: justify;\">Im praktischen Teil mussten beispielsweise Knoten gebunden, der sichere Umgang mit dem Funkger\u00e4t gezeigt und verschiedene technische Ger\u00e4tschaften erkl\u00e4rt werden. Unter den kritischen Augen der Pr\u00fcfer, diese waren Kreisbrandinspektor Christian Nitschke, Kreisbrandmeister Bernhard Mayer, Kommandant Werner Fuchs und Jugendwart Kevin Laukant, konnten alle Teilnehmer \u00fcberzeugen und haben das Basismodul mit Bravour bestanden.<\/div>\n<div style=\"text-align: justify;\">Davon konnten sich auch B\u00fcrgermeister Jens Machold und Feuerwehrreferent Werner Hammerschmid \u00fcberzeugen, die es sich nicht nehmen lie\u00dfen, diese gemeinsame MTA-Pr\u00fcfung mit gro\u00dfem Interesse zu begleiten.<\/div>\n<div>-tk-<\/div>\n<\/div>\n<\/div><\/div><div id=\"panel-6452-0-0-1\" class=\"so-panel widget widget_media_image panel-last-child\" data-index=\"1\" ><img loading=\"lazy\" decoding=\"async\" width=\"1200\" height=\"800\" src=\"https:\/\/feuerwehr-wolnzach.de\/cms\/wp-content\/uploads\/2017\/12\/IMG_1295-e1512735743161.jpg\" class=\"image wp-image-6453  attachment-1200x800 size-1200x800\" alt=\"\" style=\"max-width: 100%; height: auto;\" \/><\/div><\/div><\/div><\/div>","protected":false},"excerpt":{"rendered":"<p>22.04.2017 &#8211; Seit kurzem wurde die Grundausbildung der bayerischen Feuerwehren ge\u00e4ndert. Im Vergleich zu vorher, kann die jetzige sogenannte &#8222;Modulare Truppausbildung&#8220; (MTA) nun deutlich<\/p>\n<p class=\"link-more\"><a class=\"read-more\" href=\"https:\/\/feuerwehr-wolnzach.de\/cms\/feuerwehr\/pruefung-modulare-truppausbildung-mta\/\">weiterlesen<\/a><\/p>\n","protected":false},"author":2,"featured_media":6453,"parent":2040,"menu_order":0,"comment_status":"closed","ping_status":"closed","template":"","meta":{"ngg_post_thumbnail":0,"footnotes":""},"class_list":["post-6452","page","type-page","status-publish","has-post-thumbnail","hentry"],"jetpack_shortlink":"https:\/\/wp.me\/P90SfJ-1G4","jetpack_sharing_enabled":true,"_links":{"self":[{"href":"https:\/\/feuerwehr-wolnzach.de\/cms\/wp-json\/wp\/v2\/pages\/6452","targetHints":{"allow":["GET"]}}],"collection":[{"href":"https:\/\/feuerwehr-wolnzach.de\/cms\/wp-json\/wp\/v2\/pages"}],"about":[{"href":"https:\/\/feuerwehr-wolnzach.de\/cms\/wp-json\/wp\/v2\/types\/page"}],"author":[{"embeddable":true,"href":"https:\/\/feuerwehr-wolnzach.de\/cms\/wp-json\/wp\/v2\/users\/2"}],"replies":[{"embeddable":true,"href":"https:\/\/feuerwehr-wolnzach.de\/cms\/wp-json\/wp\/v2\/comments?post=6452"}],"version-history":[{"count":15,"href":"https:\/\/feuerwehr-wolnzach.de\/cms\/wp-json\/wp\/v2\/pages\/6452\/revisions"}],"predecessor-version":[{"id":8512,"href":"https:\/\/feuerwehr-wolnzach.de\/cms\/wp-json\/wp\/v2\/pages\/6452\/revisions\/8512"}],"up":[{"embeddable":true,"href":"https:\/\/feuerwehr-wolnzach.de\/cms\/wp-json\/wp\/v2\/pages\/2040"}],"wp:featuredmedia":[{"embeddable":true,"href":"https:\/\/feuerwehr-wolnzach.de\/cms\/wp-json\/wp\/v2\/media\/6453"}],"wp:attachment":[{"href":"https:\/\/feuerwehr-wolnzach.de\/cms\/wp-json\/wp\/v2\/media?parent=6452"}],"curies":[{"name":"wp","href":"https:\/\/api.w.org\/{rel}","templated":true}]}}