{"id":6461,"date":"2017-08-16T13:27:10","date_gmt":"2017-08-16T11:27:10","guid":{"rendered":"http:\/\/feuerwehr-wolnzach.de\/cms\/?page_id=6461"},"modified":"2018-01-30T08:22:57","modified_gmt":"2018-01-30T07:22:57","slug":"leistungspruefung-die-gruppe-im-loescheinsatz","status":"publish","type":"page","link":"https:\/\/feuerwehr-wolnzach.de\/cms\/feuerwehr\/leistungspruefung-die-gruppe-im-loescheinsatz\/","title":{"rendered":"Leistungspr\u00fcfung &#8222;Die Gruppe im L\u00f6scheinsatz&#8220;"},"content":{"rendered":"<div id=\"pl-6461\"  class=\"panel-layout\" ><div id=\"pg-6461-0\"  class=\"panel-grid panel-no-style\" ><div id=\"pgc-6461-0-0\"  class=\"panel-grid-cell\" ><div id=\"panel-6461-0-0-0\" class=\"so-panel widget widget_sow-editor panel-first-child\" data-index=\"0\" ><div\n\t\t\t\n\t\t\tclass=\"so-widget-sow-editor so-widget-sow-editor-base\"\n\t\t\t\n\t\t>\n<div class=\"siteorigin-widget-tinymce textwidget\">\n\t<div style=\"text-align: justify;\">05.08.2017 - Damit bei den Freiwilligen Feuerwehren im Ernstfall jeder Handgriff sitzt, werden regelm\u00e4\u00dfig sogenannte \"Leistungspr\u00fcfungen\" ge\u00fcbt und abgenommen. Solche Leistungspr\u00fcfungen gibt es sowohl f\u00fcr Technische Hilfeleistungen als auch f\u00fcr L\u00f6scheins\u00e4tze. Bei den Wolnzacher Floriansj\u00fcngern werden diese zwei Disziplinen im j\u00e4hrlichen Wechsel ge\u00fcbt. Diese Jahr war wieder der L\u00f6scheneinsatz an der Reihe.<\/div>\n<div style=\"text-align: justify;\">\u00a0<\/div>\n<div style=\"text-align: justify;\">So trafen sich am 05. August 2017 die Feuerwehrler unter Leitung vom 2. Kommandanten Georg Mirlach einen Monat lang drei mal w\u00f6chentlich um die verschiedenen Aufgaben, welche bei der Pr\u00fcfung abgenommen werden, zu \u00fcben und zu vertiefen. Dabei ging es unter anderem um Fahrzeugkunde (wo befinden sich die verschiedenen Ger\u00e4tschaften), Knoten und allgemeines theoretisches Wissen rund um den Feuerwehrdienst. Und nat\u00fcrlich um einen Aufbau f\u00fcr einen L\u00f6scheinsatz von der Verkehrsabsicherung \u00fcber die Wasserentnahme bis zum kompletten Ausr\u00fcsten mit schwerem Atemschutz. Das ganze nat\u00fcrlich fehlerfrei und in einer vorgegebenen Zeit.<\/div>\n<div style=\"text-align: justify;\">\u00a0<\/div>\n<div style=\"text-align: justify;\">Unter den kritischen Augen der drei Schiedsrichter Christian Nitschke, Willi Kellerer und Christian Klotz absolvierten die insgesamt 17 Teilnehmer, drei davon aus der Jugendfeuerwehr, in zwei getrennten Gruppen mit Bravour ihre Aufgaben. Das gleichm\u00e4\u00dfig hohe Niveau zeigte sich anschaulich am Ergebnis beim Aufbau des L\u00f6scheinsatzes, bei dem beiden Gruppen auf die Sekunde die exakt gleiche Zeit ben\u00f6tigten.<\/div>\n<div style=\"text-align: justify;\">\u00a0<\/div>\n<div style=\"text-align: justify;\">Wollen wir hoffen, dass das Gelernte so schnell f\u00fcr keinen Ernstfall ben\u00f6tigt wird. Sollte ein solcher aber kommen, dann ist die Wolnzacher Wehr wie immer gut ger\u00fcstet und kann schnell und professionell helfen.<\/div>\n<div>-tk-<\/div>\n<\/div>\n<\/div><\/div><div id=\"panel-6461-0-0-1\" class=\"so-panel widget widget_media_image panel-last-child\" data-index=\"1\" ><img loading=\"lazy\" decoding=\"async\" width=\"1200\" height=\"800\" src=\"https:\/\/feuerwehr-wolnzach.de\/cms\/wp-content\/uploads\/2017\/12\/IMG_1740-e1512736009195.jpg\" class=\"image wp-image-6462  attachment-full size-full\" alt=\"\" style=\"max-width: 100%; height: auto;\" \/><\/div><\/div><\/div><\/div>","protected":false},"excerpt":{"rendered":"<p>05.08.2017 &#8211; Damit bei den Freiwilligen Feuerwehren im Ernstfall jeder Handgriff sitzt, werden regelm\u00e4\u00dfig sogenannte &#8222;Leistungspr\u00fcfungen&#8220; ge\u00fcbt und abgenommen. Solche Leistungspr\u00fcfungen gibt es sowohl<\/p>\n<p class=\"link-more\"><a class=\"read-more\" href=\"https:\/\/feuerwehr-wolnzach.de\/cms\/feuerwehr\/leistungspruefung-die-gruppe-im-loescheinsatz\/\">weiterlesen<\/a><\/p>\n","protected":false},"author":2,"featured_media":6462,"parent":2040,"menu_order":0,"comment_status":"closed","ping_status":"closed","template":"","meta":{"ngg_post_thumbnail":0,"footnotes":""},"class_list":["post-6461","page","type-page","status-publish","has-post-thumbnail","hentry"],"jetpack_shortlink":"https:\/\/wp.me\/P90SfJ-1Gd","jetpack_sharing_enabled":true,"_links":{"self":[{"href":"https:\/\/feuerwehr-wolnzach.de\/cms\/wp-json\/wp\/v2\/pages\/6461","targetHints":{"allow":["GET"]}}],"collection":[{"href":"https:\/\/feuerwehr-wolnzach.de\/cms\/wp-json\/wp\/v2\/pages"}],"about":[{"href":"https:\/\/feuerwehr-wolnzach.de\/cms\/wp-json\/wp\/v2\/types\/page"}],"author":[{"embeddable":true,"href":"https:\/\/feuerwehr-wolnzach.de\/cms\/wp-json\/wp\/v2\/users\/2"}],"replies":[{"embeddable":true,"href":"https:\/\/feuerwehr-wolnzach.de\/cms\/wp-json\/wp\/v2\/comments?post=6461"}],"version-history":[{"count":11,"href":"https:\/\/feuerwehr-wolnzach.de\/cms\/wp-json\/wp\/v2\/pages\/6461\/revisions"}],"predecessor-version":[{"id":8509,"href":"https:\/\/feuerwehr-wolnzach.de\/cms\/wp-json\/wp\/v2\/pages\/6461\/revisions\/8509"}],"up":[{"embeddable":true,"href":"https:\/\/feuerwehr-wolnzach.de\/cms\/wp-json\/wp\/v2\/pages\/2040"}],"wp:featuredmedia":[{"embeddable":true,"href":"https:\/\/feuerwehr-wolnzach.de\/cms\/wp-json\/wp\/v2\/media\/6462"}],"wp:attachment":[{"href":"https:\/\/feuerwehr-wolnzach.de\/cms\/wp-json\/wp\/v2\/media?parent=6461"}],"curies":[{"name":"wp","href":"https:\/\/api.w.org\/{rel}","templated":true}]}}