{"id":6679,"date":"2017-12-12T14:25:17","date_gmt":"2017-12-12T13:25:17","guid":{"rendered":"http:\/\/feuerwehr-wolnzach.de\/cms\/?page_id=6679"},"modified":"2018-01-30T08:27:45","modified_gmt":"2018-01-30T07:27:45","slug":"nikolausfeier","status":"publish","type":"page","link":"https:\/\/feuerwehr-wolnzach.de\/cms\/verein\/nikolausfeier\/","title":{"rendered":"Nikolausfeier"},"content":{"rendered":"<div id=\"pl-6679\"  class=\"panel-layout\" ><div id=\"pg-6679-0\"  class=\"panel-grid panel-no-style\" ><div id=\"pgc-6679-0-0\"  class=\"panel-grid-cell\" ><div id=\"panel-6679-0-0-0\" class=\"so-panel widget widget_sow-editor panel-first-child panel-last-child\" data-index=\"0\" ><div\n\t\t\t\n\t\t\tclass=\"so-widget-sow-editor so-widget-sow-editor-base\"\n\t\t\t\n\t\t>\n<div class=\"siteorigin-widget-tinymce textwidget\">\n\t<p style=\"text-align: justify;\">02.12.2017 - Unter dem Motto \u201ealle Jahre wieder\u201c startete unsere Nikolausfeier mit einer kleinen Verz\u00f6gerung. Es war kurz vor 19:00 Uhr, die meisten G\u00e4ste hatten gerade Platz genommen, um durch den Piepser gleich wieder aufgescheucht zu werden. Wie schon im letzten Jahr musste erst noch ein Einsatz abgearbeitet werden, bevor uns ein gem\u00fctlicher, vorweihnachtlicher Abend verg\u00f6nnt war.<\/p>\n<p style=\"text-align: justify;\">Gl\u00fccklicherweise handelte es sich nur um eine technische St\u00f6rung einer Brandmeldeanlage und so konnte die Feierlichkeit mit den er\u00f6ffnenden Worten vom 1. Vorstand und einer kurzen Begr\u00fc\u00dfung durch den B\u00fcrgermeister Jens Machold um 19:30 Uhr beginnen.<\/p>\n<p style=\"text-align: justify;\">Flankiert von Brez`n-Suppe und Salat wurden je nach pers\u00f6nlichem Gusto Ochsenbackerl, Wildlachs, Rahmschwammerl oder der rustikale Klassiker Schnitzel \u201eWiener Art\u201c serviert.<\/p>\n<p style=\"text-align: justify;\">Nach dem Mahl wurde dem Verdauungstrakt eine kleine Verschnaufpause geg\u00f6nnt, indem wir uns zur\u00fccklehnten und den Geschichten von Pfarrer und Autor Joseph Schlicht lauschten. Anl\u00e4sslich des 100. Todestages des Geistlichen hatte Rudi Pfab aus dessen Werken drei Kurzgeschichten f\u00fcr den besinnlichen Teil ausgew\u00e4hlt. Der Humor kam bei den Geschichten \u00fcber das b\u00e4uerlichen Leben der damaligen Zeit nicht zu kurz und so bedankte sich die Runde bei Rudi Pfab mit Applaus und lachenden Gesichtern f\u00fcr seine kurze Lesestunde.<\/p>\n<p><img loading=\"lazy\" decoding=\"async\" class=\"wp-image-6681 alignright\" src=\"http:\/\/feuerwehr-wolnzach.de\/cms\/wp-content\/uploads\/2017\/12\/Nikolo2017-300x225.jpg\" alt=\"\" width=\"350\" height=\"263\" srcset=\"https:\/\/feuerwehr-wolnzach.de\/cms\/wp-content\/uploads\/2017\/12\/Nikolo2017-300x225.jpg 300w, https:\/\/feuerwehr-wolnzach.de\/cms\/wp-content\/uploads\/2017\/12\/Nikolo2017-768x576.jpg 768w, https:\/\/feuerwehr-wolnzach.de\/cms\/wp-content\/uploads\/2017\/12\/Nikolo2017-1024x768.jpg 1024w\" sizes=\"auto, (max-width: 350px) 100vw, 350px\" \/><\/p>\n<p style=\"text-align: justify;\">Ein Hauch von Anspannung machte sich jedoch kurz darauf im Saal des B\u00fcrgerbr\u00e4u-Wirtes breit, als sich die T\u00fcr \u00f6ffnete und der Nikolaus eintrat. Er hatte sein gef\u00fcrchtetes B\u00fcchlein mit vielen Geschichten \u00fcber die Wolnzacher Feuerwehrler dabei. Jedoch musste dieses Jahr keiner die Rute des Krampus f\u00fcrchten, da sich dieser im Wellness-Urlaub befand. Eingeh\u00fcllt in seinen neuen Mantel trug der wei\u00dfb\u00e4rtige Mann nun die gesammelten Schandtaten vor und sorgte mit seinen Versen f\u00fcr heitere und gel\u00f6ste Stimmung. Mit gro\u00dfem Beifall wurde Nikolaus Rudi Kollmannsberger am Ende seiner Ausf\u00fchrungen direkt zum Nachspeisenbuffet geleitet. Nach Pl\u00fcnderung der aufgereihten Leckereien wie Kaiserschmarn, Vanilleeis \u00a0und Schokot\u00f6rtchen war der offizielle Teil beendet. Viele Mitglieder blieben jedoch noch sitzen, genossen die herzliche Atmosph\u00e4re und lie\u00dfen den Abend noch gem\u00fctlich ausklingen.<\/p>\n<p>\u00a0<\/p>\n<p style=\"text-align: justify;\">Vielen Dank an alle, die zum Gelingen des Abends beigetragen haben.<\/p>\n<p>-us-<\/p>\n<\/div>\n<\/div><\/div><\/div><\/div><\/div>","protected":false},"excerpt":{"rendered":"<p>02.12.2017 &#8211; Unter dem Motto \u201ealle Jahre wieder\u201c startete unsere Nikolausfeier mit einer kleinen Verz\u00f6gerung. Es war kurz vor 19:00 Uhr, die meisten G\u00e4ste<\/p>\n<p class=\"link-more\"><a class=\"read-more\" href=\"https:\/\/feuerwehr-wolnzach.de\/cms\/verein\/nikolausfeier\/\">weiterlesen<\/a><\/p>\n","protected":false},"author":2,"featured_media":6684,"parent":2058,"menu_order":0,"comment_status":"closed","ping_status":"closed","template":"","meta":{"ngg_post_thumbnail":0,"footnotes":""},"class_list":["post-6679","page","type-page","status-publish","has-post-thumbnail","hentry"],"jetpack_shortlink":"https:\/\/wp.me\/P90SfJ-1JJ","jetpack_sharing_enabled":true,"_links":{"self":[{"href":"https:\/\/feuerwehr-wolnzach.de\/cms\/wp-json\/wp\/v2\/pages\/6679","targetHints":{"allow":["GET"]}}],"collection":[{"href":"https:\/\/feuerwehr-wolnzach.de\/cms\/wp-json\/wp\/v2\/pages"}],"about":[{"href":"https:\/\/feuerwehr-wolnzach.de\/cms\/wp-json\/wp\/v2\/types\/page"}],"author":[{"embeddable":true,"href":"https:\/\/feuerwehr-wolnzach.de\/cms\/wp-json\/wp\/v2\/users\/2"}],"replies":[{"embeddable":true,"href":"https:\/\/feuerwehr-wolnzach.de\/cms\/wp-json\/wp\/v2\/comments?post=6679"}],"version-history":[{"count":14,"href":"https:\/\/feuerwehr-wolnzach.de\/cms\/wp-json\/wp\/v2\/pages\/6679\/revisions"}],"predecessor-version":[{"id":8521,"href":"https:\/\/feuerwehr-wolnzach.de\/cms\/wp-json\/wp\/v2\/pages\/6679\/revisions\/8521"}],"up":[{"embeddable":true,"href":"https:\/\/feuerwehr-wolnzach.de\/cms\/wp-json\/wp\/v2\/pages\/2058"}],"wp:featuredmedia":[{"embeddable":true,"href":"https:\/\/feuerwehr-wolnzach.de\/cms\/wp-json\/wp\/v2\/media\/6684"}],"wp:attachment":[{"href":"https:\/\/feuerwehr-wolnzach.de\/cms\/wp-json\/wp\/v2\/media?parent=6679"}],"curies":[{"name":"wp","href":"https:\/\/api.w.org\/{rel}","templated":true}]}}