{"id":6719,"date":"2017-12-18T12:53:50","date_gmt":"2017-12-18T11:53:50","guid":{"rendered":"http:\/\/feuerwehr-wolnzach.de\/cms\/?page_id=6719"},"modified":"2017-12-19T16:15:06","modified_gmt":"2017-12-19T15:15:06","slug":"christkindlmarkt_2-0","status":"publish","type":"page","link":"https:\/\/feuerwehr-wolnzach.de\/cms\/verein\/christkindlmarkt_2-0\/","title":{"rendered":"Christkindlmarkt 2.0"},"content":{"rendered":"<p style=\"text-align: justify;\"><img loading=\"lazy\" decoding=\"async\" class=\"wp-image-6747 alignright\" src=\"http:\/\/feuerwehr-wolnzach.de\/cms\/wp-content\/uploads\/2017\/12\/RM5_3142.jpg\" alt=\"\" width=\"350\" height=\"233\" srcset=\"https:\/\/feuerwehr-wolnzach.de\/cms\/wp-content\/uploads\/2017\/12\/RM5_3142.jpg 2000w, https:\/\/feuerwehr-wolnzach.de\/cms\/wp-content\/uploads\/2017\/12\/RM5_3142-300x200.jpg 300w, https:\/\/feuerwehr-wolnzach.de\/cms\/wp-content\/uploads\/2017\/12\/RM5_3142-768x512.jpg 768w, https:\/\/feuerwehr-wolnzach.de\/cms\/wp-content\/uploads\/2017\/12\/RM5_3142-1024x682.jpg 1024w, https:\/\/feuerwehr-wolnzach.de\/cms\/wp-content\/uploads\/2017\/12\/RM5_3142-272x182.jpg 272w\" sizes=\"auto, (max-width: 350px) 100vw, 350px\" \/>18.12.2017 &#8211; Der Termin war der Gleiche, die \u00d6rtlichkeit jedoch neu. Der Christkindlmarkt wurde in diesem Jahr vom Volksfestplatz ins Zentrum verlagert. Auch wir waren gespannt, wie der neue zweigeteilte Standort Marien- und Rathausvorplatz funktionieren wird.<br \/>\nDoch schon nach dem ersten Abend waren alle Zweifel beseitigt. Die Ortsmitte war wunderbar weihnachtlich geschm\u00fcckt, alle St\u00e4nde mit Tannengr\u00fcn umrahmt und in flackerndes Licht der Feuerk\u00f6rbe geh\u00fcllt. Sogar Petrus leistete seinen Beitrag und sorgte durch vereinzelte Schneef\u00e4lle f\u00fcr ein winterliches und gl\u00fchweineinforderndes Flair.<\/p>\n<p style=\"text-align: justify;\">Obwohl uns der Umzug einen logistischen Mehraufwand bescherte, da wir unsere Sp\u00fclmaschine nicht mehr in Standn\u00e4he betreiben konnten, ist das Fazit durch den gro\u00dfen Besucherandrang und die vielen lobenden Wort \u00fcber unsere Speisen dann doch durchaus positiv ausgefallen.<\/p>\n<p>&nbsp;<\/p>\n<p style=\"text-align: justify;\"><img loading=\"lazy\" decoding=\"async\" class=\"wp-image-6748 alignleft\" src=\"http:\/\/feuerwehr-wolnzach.de\/cms\/wp-content\/uploads\/2017\/12\/RM5_3133.jpg\" alt=\"\" width=\"350\" height=\"233\" srcset=\"https:\/\/feuerwehr-wolnzach.de\/cms\/wp-content\/uploads\/2017\/12\/RM5_3133.jpg 2000w, https:\/\/feuerwehr-wolnzach.de\/cms\/wp-content\/uploads\/2017\/12\/RM5_3133-300x200.jpg 300w, https:\/\/feuerwehr-wolnzach.de\/cms\/wp-content\/uploads\/2017\/12\/RM5_3133-768x512.jpg 768w, https:\/\/feuerwehr-wolnzach.de\/cms\/wp-content\/uploads\/2017\/12\/RM5_3133-1024x682.jpg 1024w, https:\/\/feuerwehr-wolnzach.de\/cms\/wp-content\/uploads\/2017\/12\/RM5_3133-272x182.jpg 272w\" sizes=\"auto, (max-width: 350px) 100vw, 350px\" \/>Ich m\u00f6chte mich auf diesem Weg bei allen flei\u00dfigen Helfer bedanken. Besonders bei denjenigen, die Sonderschichten geschoben haben und die, die kurzfristig eingesprungen sind.<\/p>\n<p>&nbsp;<\/p>\n<p>&nbsp;<\/p>\n<p style=\"text-align: justify;\">Uli Schechinger, 1. Vorstand &nbsp;&nbsp;<\/p>\n","protected":false},"excerpt":{"rendered":"<p>18.12.2017 &#8211; Der Termin war der Gleiche, die \u00d6rtlichkeit jedoch neu. Der Christkindlmarkt wurde in diesem Jahr vom Volksfestplatz ins Zentrum verlagert. Auch wir<\/p>\n<p class=\"link-more\"><a class=\"read-more\" href=\"https:\/\/feuerwehr-wolnzach.de\/cms\/verein\/christkindlmarkt_2-0\/\">weiterlesen<\/a><\/p>\n","protected":false},"author":2,"featured_media":6716,"parent":2058,"menu_order":0,"comment_status":"closed","ping_status":"closed","template":"","meta":{"ngg_post_thumbnail":0,"footnotes":""},"class_list":["post-6719","page","type-page","status-publish","has-post-thumbnail","hentry"],"jetpack_shortlink":"https:\/\/wp.me\/P90SfJ-1Kn","jetpack_sharing_enabled":true,"_links":{"self":[{"href":"https:\/\/feuerwehr-wolnzach.de\/cms\/wp-json\/wp\/v2\/pages\/6719","targetHints":{"allow":["GET"]}}],"collection":[{"href":"https:\/\/feuerwehr-wolnzach.de\/cms\/wp-json\/wp\/v2\/pages"}],"about":[{"href":"https:\/\/feuerwehr-wolnzach.de\/cms\/wp-json\/wp\/v2\/types\/page"}],"author":[{"embeddable":true,"href":"https:\/\/feuerwehr-wolnzach.de\/cms\/wp-json\/wp\/v2\/users\/2"}],"replies":[{"embeddable":true,"href":"https:\/\/feuerwehr-wolnzach.de\/cms\/wp-json\/wp\/v2\/comments?post=6719"}],"version-history":[{"count":14,"href":"https:\/\/feuerwehr-wolnzach.de\/cms\/wp-json\/wp\/v2\/pages\/6719\/revisions"}],"predecessor-version":[{"id":6753,"href":"https:\/\/feuerwehr-wolnzach.de\/cms\/wp-json\/wp\/v2\/pages\/6719\/revisions\/6753"}],"up":[{"embeddable":true,"href":"https:\/\/feuerwehr-wolnzach.de\/cms\/wp-json\/wp\/v2\/pages\/2058"}],"wp:featuredmedia":[{"embeddable":true,"href":"https:\/\/feuerwehr-wolnzach.de\/cms\/wp-json\/wp\/v2\/media\/6716"}],"wp:attachment":[{"href":"https:\/\/feuerwehr-wolnzach.de\/cms\/wp-json\/wp\/v2\/media?parent=6719"}],"curies":[{"name":"wp","href":"https:\/\/api.w.org\/{rel}","templated":true}]}}