{"id":7925,"date":"2018-01-21T16:45:58","date_gmt":"2018-01-21T15:45:58","guid":{"rendered":"http:\/\/feuerwehr-wolnzach.de\/cms\/?page_id=7925"},"modified":"2018-02-03T16:41:13","modified_gmt":"2018-02-03T15:41:13","slug":"der-feuerwehr-steht-das-wasser-bis-zum-hals","status":"publish","type":"page","link":"https:\/\/feuerwehr-wolnzach.de\/cms\/verein\/der-feuerwehr-steht-das-wasser-bis-zum-hals\/","title":{"rendered":"Der Feuerwehr steht das Wasser bis zum Hals"},"content":{"rendered":"<div id=\"pl-7925\"  class=\"panel-layout\" ><div id=\"pg-7925-0\"  class=\"panel-grid panel-no-style\" ><div id=\"pgc-7925-0-0\"  class=\"panel-grid-cell\" ><div id=\"panel-7925-0-0-0\" class=\"so-panel widget widget_sow-editor panel-first-child panel-last-child\" data-index=\"0\" ><div\n\t\t\t\n\t\t\tclass=\"so-widget-sow-editor so-widget-sow-editor-base\"\n\t\t\t\n\t\t>\n<div class=\"siteorigin-widget-tinymce textwidget\">\n\t<p style=\"text-align: justify;\">20.01.2018 - Ganz so schlimm ist es zum Gl\u00fcck dann doch nicht, nur bis zu den Waden.<\/p>\n<p style=\"text-align: justify;\">Im Internet (insbesondere auf Facebook) kursieren seit letztem Herbst wieder einmal die unm\u00f6glichsten Herausforderungen oder auch \"Neudeutsch\" Challenge genannt. Solch eine Challenge ist ja ab und an etwas umstritten, wenn man z. B. an die erste \"ALS Ice Bucket Challenge\" zur\u00fcck denkt, bei der man sich eiskaltes Wasser \u00fcber den Kopf sch\u00fcttete.<\/p>\n<p style=\"text-align: justify;\">\u00dcber den Sinn und Zweck einer solchen \"Herausforderung\" l\u00e4sst sich freilich streiten.<\/p>\n<p style=\"text-align: justify;\">Nun hat es auch uns erwischt und wir wurden aufgefordert, bei der \"Kaltwassergrill-Challenge\" mitzumachen. Hier haben Vereine 7 Tage ab der Nominierung Zeit, in kaltem Wasser zu grillen und ein Video davon zu ver\u00f6ffentlichen .... ja, genau so haben wir auch geschaut als wir davon erfahren haben.<\/p>\n<p style=\"text-align: justify;\">Im Vorfeld wurde intern diskutiert, ob man sich einer solchen Herausforderung \u00fcberhaupt stellen sollte und ob das nicht ein schlechtes Licht auf unsere Wehr werfen k\u00f6nnte. Da es aber auch um einen Guten Zweck ging, haben wir es durchgezogen!<\/p>\n<div class=\"text_exposed_show\">\u00a0<\/div>\n<h4><strong>Gestern stiegen einige Kameraden und Kameradinnen bei Schneefall in die eiskalte Wolnzach, aber sehen Sie selbst ...<\/strong><\/h4>\n<iframe loading=\"lazy\"  id=\"_ytid_22715\"  width=\"640\" height=\"360\"  data-origwidth=\"640\" data-origheight=\"360\" src=\"https:\/\/www.youtube.com\/embed\/qoPE9PN1y5E?enablejsapi=1&autoplay=1&cc_load_policy=0&cc_lang_pref=&iv_load_policy=1&loop=0&rel=1&fs=1&playsinline=0&autohide=2&theme=dark&color=red&controls=1&disablekb=0&\" class=\"__youtube_prefs__  no-lazyload\" title=\"YouTube player\"  allow=\"fullscreen; accelerometer; autoplay; clipboard-write; encrypted-media; gyroscope; picture-in-picture; web-share\" referrerpolicy=\"strict-origin-when-cross-origin\" allowfullscreen data-no-lazy=\"1\" data-skipgform_ajax_framebjll=\"\"><\/iframe>\n<p>\u00a0<\/p>\n<p style=\"text-align: justify;\"><span style=\"color: #0000ff;\"><em>Wir bedanken uns bei der Freiwilligen Feuerwehr Derching f\u00fcr die Nominierung. Wir haben alle Hebel in Bewegung gesetzt und uns dieser Herausforderung gestellt.<\/em><\/span><br \/><span style=\"color: #0000ff;\"><em>Wir unterst\u00fctzen mit unseren kalten F\u00fc\u00dfen die Aktion \u201e\u00c4rmel hoch gegen Blutkrebs!\u201c und rufen alle dazu auf, am 03.02.2018 von 11-16 Uhr im H\u00f6ger Kindergarten an der gro\u00dfen Typisierungsaktion teilzunehmen!<\/em><\/span><\/p>\n<p style=\"text-align: justify;\"><span style=\"color: #0000ff;\"><em>Wir nominieren f\u00fcr das Kaltwassergrillen die Freiwillige Feuerwehr Geisenhausen, die Freiwillige Feuerwehr Geroldsh<span class=\"text_exposed_show\">ausen und den Heimatsch\u00fctzenverein Brenkhausen (Kreis H\u00f6xter).<\/span><\/em><\/span><\/p>\n<p style=\"text-align: justify;\"><em style=\"color: #0000ff;\">Wie gehabt eine Woche habt ihr Zeit, ansonsten wird eine Brotzeit f\u00e4llig!<\/em><\/p>\n<h4>\u00a0<\/h4>\n<h4><strong>Wir m\u00f6chten ausdr\u00fccklich darauf hinweisen, dass weder Mensch noch Tier zu keiner Zeit ernsthaft in Gefahr waren! <br \/>... bis auf die Bratw\u00fcrschtl.<\/strong><\/h4>\n<p>-rm-<\/p>\n<\/div>\n<\/div><\/div><\/div><\/div><\/div>","protected":false},"excerpt":{"rendered":"<p>20.01.2018 &#8211; Ganz so schlimm ist es zum Gl\u00fcck dann doch nicht, nur bis zu den Waden. Im Internet (insbesondere auf Facebook) kursieren seit<\/p>\n<p class=\"link-more\"><a class=\"read-more\" href=\"https:\/\/feuerwehr-wolnzach.de\/cms\/verein\/der-feuerwehr-steht-das-wasser-bis-zum-hals\/\">weiterlesen<\/a><\/p>\n","protected":false},"author":2,"featured_media":7939,"parent":2058,"menu_order":0,"comment_status":"closed","ping_status":"closed","template":"","meta":{"ngg_post_thumbnail":0,"footnotes":""},"class_list":["post-7925","page","type-page","status-publish","has-post-thumbnail","hentry"],"jetpack_shortlink":"https:\/\/wp.me\/P90SfJ-23P","jetpack_sharing_enabled":true,"_links":{"self":[{"href":"https:\/\/feuerwehr-wolnzach.de\/cms\/wp-json\/wp\/v2\/pages\/7925","targetHints":{"allow":["GET"]}}],"collection":[{"href":"https:\/\/feuerwehr-wolnzach.de\/cms\/wp-json\/wp\/v2\/pages"}],"about":[{"href":"https:\/\/feuerwehr-wolnzach.de\/cms\/wp-json\/wp\/v2\/types\/page"}],"author":[{"embeddable":true,"href":"https:\/\/feuerwehr-wolnzach.de\/cms\/wp-json\/wp\/v2\/users\/2"}],"replies":[{"embeddable":true,"href":"https:\/\/feuerwehr-wolnzach.de\/cms\/wp-json\/wp\/v2\/comments?post=7925"}],"version-history":[{"count":38,"href":"https:\/\/feuerwehr-wolnzach.de\/cms\/wp-json\/wp\/v2\/pages\/7925\/revisions"}],"predecessor-version":[{"id":8591,"href":"https:\/\/feuerwehr-wolnzach.de\/cms\/wp-json\/wp\/v2\/pages\/7925\/revisions\/8591"}],"up":[{"embeddable":true,"href":"https:\/\/feuerwehr-wolnzach.de\/cms\/wp-json\/wp\/v2\/pages\/2058"}],"wp:featuredmedia":[{"embeddable":true,"href":"https:\/\/feuerwehr-wolnzach.de\/cms\/wp-json\/wp\/v2\/media\/7939"}],"wp:attachment":[{"href":"https:\/\/feuerwehr-wolnzach.de\/cms\/wp-json\/wp\/v2\/media?parent=7925"}],"curies":[{"name":"wp","href":"https:\/\/api.w.org\/{rel}","templated":true}]}}