{"id":9001,"date":"2018-05-16T19:31:21","date_gmt":"2018-05-16T17:31:21","guid":{"rendered":"http:\/\/feuerwehr-wolnzach.de\/cms\/?page_id=9001"},"modified":"2018-05-16T19:31:21","modified_gmt":"2018-05-16T17:31:21","slug":"datenschutzerklaerung","status":"publish","type":"page","link":"https:\/\/feuerwehr-wolnzach.de\/cms\/kontakt\/impressum\/datenschutzerklaerung\/","title":{"rendered":"Datenschutzerkl\u00e4rung"},"content":{"rendered":"<p><strong>1) Protokollierung<\/strong><\/p>\n<p>Wenn Sie diese oder andere Internetseiten aufrufen, \u00fcbermitteln Sie \u00fcber Ihren Internetbrowser Daten an unseren Webserver. Der Webserver der Freiwilligen Feuerwehr Wolnzach-Markt e.V. wird durch STRATO AG, Pascalstra\u00dfe 10, 10587 Berlin betrieben. Daten werden w\u00e4hrend einer laufenden Verbindung zur Kommunikation zwischen Ihrem Internetbrowser und unserem Webserver aufgezeichnet. Bei jeder Anforderung einer Internetdatei werden folgende Zugriffsdaten gespeichert:<\/p>\n<ol>\n<li>die Seite, von der aus die Datei angefordert wurde<\/li>\n<li>der Name der aufgerufenen Datei<\/li>\n<li>das Datum und die Uhrzeit der Anforderung<\/li>\n<li>die \u00fcbertragene Datenmenge<\/li>\n<li>der Zugriffsstatus (Datei nicht gefunden, etc.)<\/li>\n<li>die Beschreibung des verwendeten Webbrowsertyps bzw. des verwendeten Betriebssystems<\/li>\n<li>die IP-Adresse des anfordernden Rechners<\/li>\n<\/ol>\n<blockquote><p><em><strong>Die gespeicherten Daten werden ausschlie\u00dflich zu technischen oder statistischen Zwecken ben\u00f6tigt; ein Abgleich mit anderen Datenbest\u00e4nden oder eine Weitergabe an Dritte, auch in Ausz\u00fcgen, findet nicht statt.<\/strong><\/em><\/p><\/blockquote>\n<p><strong><br \/>\n2) Aktive Komponenten<\/strong><\/p>\n<p>Im Informationsangebot der Freiwilligen Feuerwehr Wolnzach-Markt e.V. k\u00f6nnen aktive Komponenten wie z.B. Javascript oder Cookies verwendet werden. Die Verwendung dieser Funktionalit\u00e4ten kann durch Einstellungen des Browserprogramms vom jeweiligen Nutzer ausgeschaltet werden.<\/p>\n<p><strong><br \/>\n3) Keine Datenweitergabe an Dritte<\/strong><\/p>\n<p>In jedem Fall (durch Kontaktaufnahme, Newsletter, Feedback, etc.) werden die angegebenen pers\u00f6nlichen Daten (insb. Name, E-Mail-Adresse) nur f\u00fcr die \u00dcbersendung der gew\u00fcnschten Ver\u00f6ffentlichungen oder Informationen bzw. f\u00fcr die bei dem einzelnen Formular ggf. explizit genannten anderen Zwecke verarbeitet und nicht an Dritte weitergegeben.<\/p>\n<p><strong><br \/>\n4) Cookies<\/strong><\/p>\n<p>Zeitlich begrenzte Nutzerdaten (Cookies) werden auf dem Rechner des Nutzers gespeichert, wenn der Nutzer dies zur Erh\u00f6hung seines Komforts w\u00fcnscht (dies betrifft die Speicherung des vom Nutzer evtl. ausgew\u00e4hlten CSS f\u00fcr die Kombination Hintergrund- \/ Schriftfarbe). Diese Speicherung kann vom Nutzer jederzeit durch entsprechende Einstellung des Internetbrowsers r\u00fcckg\u00e4ngig gemacht bzw. verhindert werden.<\/p>\n<p><strong><br \/>\n5) Elektronische Post (E-Mail)<\/strong><\/p>\n<p>Informationen, die Sie unverschl\u00fcsselt per Elektronische Post (E-Mail) an uns senden, k\u00f6nnen m\u00f6glicherweise auf dem \u00dcbertragungsweg von Dritten gelesen werden. Wir k\u00f6nnen in der Regel auch Ihre Identit\u00e4t nicht \u00fcberpr\u00fcfen und wissen nicht, wer sich hinter einer E-Mail-Adresse verbirgt. Eine rechtssichere Kommunikation durch einfache E-Mail ist daher nicht gew\u00e4hrleistet. Wir setzen &#8211; wie viele E-Mail-Anbieter &#8211; Filter gegen unerw\u00fcnschte Werbung (\u201eSPAM-Filter\u201c) ein, die in seltenen F\u00e4llen auch normale E-Mails f\u00e4lschlicherweise automatisch als unerw\u00fcnschte Werbung einordnen und l\u00f6schen. E-Mails, die sch\u00e4digende Programme (\u201eViren\u201c) enthalten, werden von uns in jedem Fall automatisch gel\u00f6scht.<\/p>\n<p><strong><br \/>\n6) Ansprechpartner f\u00fcr Fragen<\/strong><\/p>\n<p>Falls Sie Fragen zu unserer Homepage und den verwendeten technischen Einrichtungen haben kontaktieren Sie bitte die Webmaster der Homepage per&nbsp;E-Mail: <a href=\"mailto:webmaster@feuerwehr-wolnzach.de\">webmaster@feuerwehr-wolnzach.de<\/a>&nbsp; oder postalisch an folgende&nbsp;Anschrift: Freiwillige Feuerwehr Wolnzach, Stichwort &#8222;Homepage&#8220;, Preysingstra\u00dfe 71 in 85283 Wolnzach.<\/p>\n","protected":false},"excerpt":{"rendered":"<p>1) Protokollierung Wenn Sie diese oder andere Internetseiten aufrufen, \u00fcbermitteln Sie \u00fcber Ihren Internetbrowser Daten an unseren Webserver. Der Webserver der Freiwilligen Feuerwehr Wolnzach-Markt<\/p>\n<p class=\"link-more\"><a class=\"read-more\" href=\"https:\/\/feuerwehr-wolnzach.de\/cms\/kontakt\/impressum\/datenschutzerklaerung\/\">weiterlesen<\/a><\/p>\n","protected":false},"author":2,"featured_media":0,"parent":34,"menu_order":0,"comment_status":"closed","ping_status":"closed","template":"","meta":{"ngg_post_thumbnail":0,"footnotes":""},"class_list":["post-9001","page","type-page","status-publish","hentry"],"jetpack_shortlink":"https:\/\/wp.me\/P90SfJ-2lb","jetpack_sharing_enabled":true,"_links":{"self":[{"href":"https:\/\/feuerwehr-wolnzach.de\/cms\/wp-json\/wp\/v2\/pages\/9001","targetHints":{"allow":["GET"]}}],"collection":[{"href":"https:\/\/feuerwehr-wolnzach.de\/cms\/wp-json\/wp\/v2\/pages"}],"about":[{"href":"https:\/\/feuerwehr-wolnzach.de\/cms\/wp-json\/wp\/v2\/types\/page"}],"author":[{"embeddable":true,"href":"https:\/\/feuerwehr-wolnzach.de\/cms\/wp-json\/wp\/v2\/users\/2"}],"replies":[{"embeddable":true,"href":"https:\/\/feuerwehr-wolnzach.de\/cms\/wp-json\/wp\/v2\/comments?post=9001"}],"version-history":[{"count":1,"href":"https:\/\/feuerwehr-wolnzach.de\/cms\/wp-json\/wp\/v2\/pages\/9001\/revisions"}],"predecessor-version":[{"id":9002,"href":"https:\/\/feuerwehr-wolnzach.de\/cms\/wp-json\/wp\/v2\/pages\/9001\/revisions\/9002"}],"up":[{"embeddable":true,"href":"https:\/\/feuerwehr-wolnzach.de\/cms\/wp-json\/wp\/v2\/pages\/34"}],"wp:attachment":[{"href":"https:\/\/feuerwehr-wolnzach.de\/cms\/wp-json\/wp\/v2\/media?parent=9001"}],"curies":[{"name":"wp","href":"https:\/\/api.w.org\/{rel}","templated":true}]}}