{"id":9010,"date":"2018-05-12T12:13:44","date_gmt":"2018-05-12T10:13:44","guid":{"rendered":"http:\/\/feuerwehr-wolnzach.de\/cms\/?page_id=9010"},"modified":"2018-05-21T12:27:26","modified_gmt":"2018-05-21T10:27:26","slug":"vatertags-ausflug-2018","status":"publish","type":"page","link":"https:\/\/feuerwehr-wolnzach.de\/cms\/verein\/veranstaltungen\/vatertags-ausflug-2018\/","title":{"rendered":"Vatertags Ausflug 2018"},"content":{"rendered":"<p style=\"text-align: justify;\">12.05.2018 &#8211; Wie jedes Jahr machte sich eine kleine Gruppe von V\u00e4tern, und die die es irgendwann einmal werden m\u00f6chten, auf den Weg. Dieses Jahr fuhren wir mit dem Zug in die Stadt Rosenheim. Unter anderem besuchten wir die Wache der Feuerwehr Stadt Rosenheim und die ebenfalls dort ans\u00e4ssige Integrierte Leitstelle. Ein gem\u00fctliches Essen und ein k\u00fchles Bier rundete diesen gelungenen Ausflug ab<span class=\"apple-converted-space\">.<\/span><\/p>\nngg_shortcode_0_placeholder\n<p style=\"text-align: justify;\">Ein gro\u00dfer Dank geht an die Freiwillige Feuerwehr Stadt Rosenheim und der Integrierten Leitstelle Rosenheim f\u00fcr die F\u00fchrungen in den Geb\u00e4uden.<\/p>\n<p>-rm-<\/p>\n","protected":false},"excerpt":{"rendered":"<p>12.05.2018 &#8211; Wie jedes Jahr machte sich eine kleine Gruppe von V\u00e4tern, und die die es irgendwann einmal werden m\u00f6chten, auf den Weg. Dieses<\/p>\n<p class=\"link-more\"><a class=\"read-more\" href=\"https:\/\/feuerwehr-wolnzach.de\/cms\/verein\/veranstaltungen\/vatertags-ausflug-2018\/\">weiterlesen<\/a><\/p>\n","protected":false},"author":2,"featured_media":9036,"parent":2062,"menu_order":0,"comment_status":"closed","ping_status":"closed","template":"","meta":{"ngg_post_thumbnail":0,"footnotes":""},"class_list":["post-9010","page","type-page","status-publish","has-post-thumbnail","hentry"],"jetpack_shortlink":"https:\/\/wp.me\/P90SfJ-2lk","jetpack_sharing_enabled":true,"_links":{"self":[{"href":"https:\/\/feuerwehr-wolnzach.de\/cms\/wp-json\/wp\/v2\/pages\/9010","targetHints":{"allow":["GET"]}}],"collection":[{"href":"https:\/\/feuerwehr-wolnzach.de\/cms\/wp-json\/wp\/v2\/pages"}],"about":[{"href":"https:\/\/feuerwehr-wolnzach.de\/cms\/wp-json\/wp\/v2\/types\/page"}],"author":[{"embeddable":true,"href":"https:\/\/feuerwehr-wolnzach.de\/cms\/wp-json\/wp\/v2\/users\/2"}],"replies":[{"embeddable":true,"href":"https:\/\/feuerwehr-wolnzach.de\/cms\/wp-json\/wp\/v2\/comments?post=9010"}],"version-history":[{"count":2,"href":"https:\/\/feuerwehr-wolnzach.de\/cms\/wp-json\/wp\/v2\/pages\/9010\/revisions"}],"predecessor-version":[{"id":9038,"href":"https:\/\/feuerwehr-wolnzach.de\/cms\/wp-json\/wp\/v2\/pages\/9010\/revisions\/9038"}],"up":[{"embeddable":true,"href":"https:\/\/feuerwehr-wolnzach.de\/cms\/wp-json\/wp\/v2\/pages\/2062"}],"wp:featuredmedia":[{"embeddable":true,"href":"https:\/\/feuerwehr-wolnzach.de\/cms\/wp-json\/wp\/v2\/media\/9036"}],"wp:attachment":[{"href":"https:\/\/feuerwehr-wolnzach.de\/cms\/wp-json\/wp\/v2\/media?parent=9010"}],"curies":[{"name":"wp","href":"https:\/\/api.w.org\/{rel}","templated":true}]}}