{"id":9156,"date":"2018-05-26T12:41:25","date_gmt":"2018-05-26T10:41:25","guid":{"rendered":"http:\/\/feuerwehr-wolnzach.de\/cms\/?page_id=9156"},"modified":"2018-05-26T12:43:12","modified_gmt":"2018-05-26T10:43:12","slug":"gemeinschaftsuebung-mit-der-feuerwehr-geroldshausen","status":"publish","type":"page","link":"https:\/\/feuerwehr-wolnzach.de\/cms\/feuerwehr\/gemeinschaftsuebung-mit-der-feuerwehr-geroldshausen\/","title":{"rendered":"Gemeinschafts\u00fcbung mit der Feuerwehr Geroldshausen"},"content":{"rendered":"<p style=\"text-align: justify;\">26.05.2018 &#8211; Jeden Freitag Abend ist in der Feuerwehr \u00dcben angesagt. Und in regelm\u00e4\u00dfigen Abst\u00e4nden werden auch gr\u00f6\u00dfere Einsatz\u00fcbungen abgehalten. Diesmal wurde ein Brand in einer Halle mit mehreren vermissten Personen simuliert. Diese Aufgabe wurde in enger Zusammenarbeit mit unseren Kameraden aus Geroldshausen abgearbeitet.<\/p>\n<p style=\"text-align: justify;\">Um f\u00fcr die Angrifftrupps mit schwerem Atemschutz die Situation so realistisch wie m\u00f6glich zu gestalten, wurde die Siegelhalle im Vorfeld \u00fcber zwei Stunden lang mit einer Nebelmaschine verraucht. Dadurch war die Sicht extrem eingeschr\u00e4nkt \u2013 wie bei einem echten Brand auch.<\/p>\n<p style=\"text-align: justify;\">Bis zu drei Trupps waren gleichzeitig im Geb\u00e4ude und suchten systematisch die Halle nach den vermissten Personen ab. F\u00fcr die anderen Floriansj\u00fcnger gab es ebenfalls reichlich zu tun: Verkehrsabsicherung, Aufbau der Wasserversorgung, Positionieren das Druckl\u00fcfters zur Entrauchung des Objektes und \u00dcberwachung der Atemschutzger\u00e4tetr\u00e4ger waren die prim\u00e4ren Aufgaben.<\/p>\n<p style=\"text-align: justify;\">Auch f\u00fcr Einsatzleiter und Gruppenf\u00fchrer sind solche \u00dcbungen sehr wichtig. Deren wichtigste Aufgabe ist es, sich ein umfassendes Bild der Situation zu verschaffen und die richtigen Befehle zu geben. Und da ist jede \u00dcbung und jeder Einsatz anders.<\/p>\n<p style=\"text-align: justify;\">Nach knapp zwei Stunden war die \u00dcbung erfolgreich beendet. Nun halfen beim Aufr\u00e4umen alle zusammen und es folgte noch eine Einsatzbesprechung. Danach haben sich alle Beteiligten rund 30 Teilnehmer im Wolnzacher Ger\u00e4tehaus eine kleine Brotzeit verdient.<\/p>\n<p>-tk-<\/p>\n<p style=\"text-align: justify;\"><img decoding=\"async\" class=\"ngg-singlepic ngg-none\" src=\"http:\/\/feuerwehr-wolnzach.de\/cms\/wp-content\/gallery\/brandeinsatzuebung_wol-ger_2018\/IMGL0287.jpg\" alt=\"IMGL0287\"><\/p>\nngg_shortcode_0_placeholder\n<p><img decoding=\"async\" class=\"ngg-singlepic ngg-none\" src=\"http:\/\/feuerwehr-wolnzach.de\/cms\/wp-content\/gallery\/brandeinsatzuebung_wol-ger_2018\/IMGL0350.jpg\" alt=\"IMGL0350\"><\/p>\n","protected":false},"excerpt":{"rendered":"<p>26.05.2018 &#8211; Jeden Freitag Abend ist in der Feuerwehr \u00dcben angesagt. Und in regelm\u00e4\u00dfigen Abst\u00e4nden werden auch gr\u00f6\u00dfere Einsatz\u00fcbungen abgehalten. Diesmal wurde ein Brand<\/p>\n<p class=\"link-more\"><a class=\"read-more\" href=\"https:\/\/feuerwehr-wolnzach.de\/cms\/feuerwehr\/gemeinschaftsuebung-mit-der-feuerwehr-geroldshausen\/\">weiterlesen<\/a><\/p>\n","protected":false},"author":2,"featured_media":9158,"parent":2040,"menu_order":0,"comment_status":"closed","ping_status":"closed","template":"","meta":{"ngg_post_thumbnail":0,"footnotes":""},"class_list":["post-9156","page","type-page","status-publish","has-post-thumbnail","hentry"],"jetpack_shortlink":"https:\/\/wp.me\/P90SfJ-2nG","jetpack_sharing_enabled":true,"_links":{"self":[{"href":"https:\/\/feuerwehr-wolnzach.de\/cms\/wp-json\/wp\/v2\/pages\/9156","targetHints":{"allow":["GET"]}}],"collection":[{"href":"https:\/\/feuerwehr-wolnzach.de\/cms\/wp-json\/wp\/v2\/pages"}],"about":[{"href":"https:\/\/feuerwehr-wolnzach.de\/cms\/wp-json\/wp\/v2\/types\/page"}],"author":[{"embeddable":true,"href":"https:\/\/feuerwehr-wolnzach.de\/cms\/wp-json\/wp\/v2\/users\/2"}],"replies":[{"embeddable":true,"href":"https:\/\/feuerwehr-wolnzach.de\/cms\/wp-json\/wp\/v2\/comments?post=9156"}],"version-history":[{"count":5,"href":"https:\/\/feuerwehr-wolnzach.de\/cms\/wp-json\/wp\/v2\/pages\/9156\/revisions"}],"predecessor-version":[{"id":9166,"href":"https:\/\/feuerwehr-wolnzach.de\/cms\/wp-json\/wp\/v2\/pages\/9156\/revisions\/9166"}],"up":[{"embeddable":true,"href":"https:\/\/feuerwehr-wolnzach.de\/cms\/wp-json\/wp\/v2\/pages\/2040"}],"wp:featuredmedia":[{"embeddable":true,"href":"https:\/\/feuerwehr-wolnzach.de\/cms\/wp-json\/wp\/v2\/media\/9158"}],"wp:attachment":[{"href":"https:\/\/feuerwehr-wolnzach.de\/cms\/wp-json\/wp\/v2\/media?parent=9156"}],"curies":[{"name":"wp","href":"https:\/\/api.w.org\/{rel}","templated":true}]}}