{"id":9822,"date":"2018-11-17T10:31:27","date_gmt":"2018-11-17T09:31:27","guid":{"rendered":"http:\/\/feuerwehr-wolnzach.de\/cms\/?page_id=9822"},"modified":"2018-11-17T10:40:11","modified_gmt":"2018-11-17T09:40:11","slug":"bestandene-feuerwehr-grundausbildung","status":"publish","type":"page","link":"https:\/\/feuerwehr-wolnzach.de\/cms\/feuerwehr\/bestandene-feuerwehr-grundausbildung\/","title":{"rendered":"Bestandene Feuerwehr-Grundausbildung"},"content":{"rendered":"<p style=\"text-align: justify;\">16.11.2018 &#8211; Nach einer intensiven Vorbereitungszeit, bei der drei Monate lang bis zu drei Mal w\u00f6chentlich gelernt und ge\u00fcbt wurde, konnten letzten Samstag endlich alle Teilnehmer Ihre Grundausbildung zur Feuerwehrfrau bzw. zum Feuerwehrmann abschlie\u00dfen. Und das mit der bestandenen Pr\u00fcfung des Basismoduls der Modularen Truppausbildung (MTA).<\/p>\n<p style=\"text-align: justify;\">Insgesamt nahmen 15 Feuerwehranw\u00e4rterinnen und -anw\u00e4rter aus den Feuerwehren Burgstall, Eschelbach, Geroldshausen, Niederlauterbach und Wolnzach unter der Leitung von Christian Duna und zahlreichen Ausbildern im Wolnzacher Ger\u00e4tehaus teil.<\/p>\n<p style=\"text-align: justify;\">Die Pr\u00fcfung bestand aus einem theoretischen und einem praktischen Teil. Beim praktischen Teil mussten neben dem Funken noch drei weitere Aufgaben, welche per Los gezogen wurden, bew\u00e4ltigt werden. Das waren unter anderem Erste-Hilfe-Ma\u00dfnahmen beim Auffinden einer bewusstlosen Person, die Erl\u00e4uterung eines Strahlrohrs, das Anwenden eines Feuerl\u00f6schers, die Inbetriebnahme eines Hydranten, der Aufbau einer Schlauchbr\u00fccke oder das Zeigen von verschiedenen Knoten.<\/p>\n<p style=\"text-align: justify;\">Alle Aufgaben wurden unter den kritischen Augen der anwesenden Pr\u00fcfer erledigt. Diese waren Georg Mirlach, Thomas Hadler, Bernhard Mayer und J\u00fcrgen Br\u00fcstl.<\/p>\n<p style=\"text-align: justify;\">Nun folgt f\u00fcr alle eine weitere praktische Ausbildung \u00fcber zwei Jahre in den jeweiligen Feuerwehren. Danach besteht die M\u00f6glichkeit auch den weiterf\u00fchrenden 2. Teil der MTA mit einer Pr\u00fcfung abzuschlie\u00dfen. Bis dahin w\u00fcnschen wir allen weiterhin viel Spa\u00df und Freude bei der Feuerwehr. Und den \u00fcber 18-j\u00e4hrigen, dass sie von ihren Eins\u00e4tzen immer gesund wieder nach Hause kommen.<\/p>\n<p style=\"text-align: justify;\"><img loading=\"lazy\" decoding=\"async\" class=\"aligncenter size-full wp-image-9823\" src=\"http:\/\/feuerwehr-wolnzach.de\/cms\/wp-content\/uploads\/2018\/11\/IMG_3126.jpg\" alt=\"\" width=\"4272\" height=\"2848\" srcset=\"https:\/\/feuerwehr-wolnzach.de\/cms\/wp-content\/uploads\/2018\/11\/IMG_3126.jpg 4272w, https:\/\/feuerwehr-wolnzach.de\/cms\/wp-content\/uploads\/2018\/11\/IMG_3126-300x200.jpg 300w, https:\/\/feuerwehr-wolnzach.de\/cms\/wp-content\/uploads\/2018\/11\/IMG_3126-768x512.jpg 768w, https:\/\/feuerwehr-wolnzach.de\/cms\/wp-content\/uploads\/2018\/11\/IMG_3126-1024x683.jpg 1024w, https:\/\/feuerwehr-wolnzach.de\/cms\/wp-content\/uploads\/2018\/11\/IMG_3126-272x182.jpg 272w\" sizes=\"auto, (max-width: 4272px) 100vw, 4272px\" \/><\/p>\n<p style=\"text-align: justify;\">Obere Reihe von links: Christoph Eberl, Michael Neuh\u00e4user, Maximilian Werther, Michael Kalinowski, Florian Aigner, Stefan Aigner<\/p>\n<p style=\"text-align: justify;\">Untere Reihe von links: Thomas Hadler, Georg Mirlach, Paula Oswald, Vanessa Fr\u00e4nzl, Daniel Sturm, Christina F\u00f6rtsch, Matthias Huber, Johannes Schleibinger, Michael Kaindl, Kai Kallauch, Bernhard Mayer, J\u00fcrgen Br\u00fcstl<\/p>\n<p>&nbsp;<\/p>\n<p>tk<\/p>\n","protected":false},"excerpt":{"rendered":"<p>16.11.2018 &#8211; Nach einer intensiven Vorbereitungszeit, bei der drei Monate lang bis zu drei Mal w\u00f6chentlich gelernt und ge\u00fcbt wurde, konnten letzten Samstag endlich<\/p>\n<p class=\"link-more\"><a class=\"read-more\" href=\"https:\/\/feuerwehr-wolnzach.de\/cms\/feuerwehr\/bestandene-feuerwehr-grundausbildung\/\">weiterlesen<\/a><\/p>\n","protected":false},"author":2,"featured_media":9823,"parent":2040,"menu_order":0,"comment_status":"closed","ping_status":"closed","template":"","meta":{"ngg_post_thumbnail":0,"footnotes":""},"class_list":["post-9822","page","type-page","status-publish","has-post-thumbnail","hentry"],"jetpack_shortlink":"https:\/\/wp.me\/P90SfJ-2yq","jetpack_sharing_enabled":true,"_links":{"self":[{"href":"https:\/\/feuerwehr-wolnzach.de\/cms\/wp-json\/wp\/v2\/pages\/9822","targetHints":{"allow":["GET"]}}],"collection":[{"href":"https:\/\/feuerwehr-wolnzach.de\/cms\/wp-json\/wp\/v2\/pages"}],"about":[{"href":"https:\/\/feuerwehr-wolnzach.de\/cms\/wp-json\/wp\/v2\/types\/page"}],"author":[{"embeddable":true,"href":"https:\/\/feuerwehr-wolnzach.de\/cms\/wp-json\/wp\/v2\/users\/2"}],"replies":[{"embeddable":true,"href":"https:\/\/feuerwehr-wolnzach.de\/cms\/wp-json\/wp\/v2\/comments?post=9822"}],"version-history":[{"count":3,"href":"https:\/\/feuerwehr-wolnzach.de\/cms\/wp-json\/wp\/v2\/pages\/9822\/revisions"}],"predecessor-version":[{"id":9830,"href":"https:\/\/feuerwehr-wolnzach.de\/cms\/wp-json\/wp\/v2\/pages\/9822\/revisions\/9830"}],"up":[{"embeddable":true,"href":"https:\/\/feuerwehr-wolnzach.de\/cms\/wp-json\/wp\/v2\/pages\/2040"}],"wp:featuredmedia":[{"embeddable":true,"href":"https:\/\/feuerwehr-wolnzach.de\/cms\/wp-json\/wp\/v2\/media\/9823"}],"wp:attachment":[{"href":"https:\/\/feuerwehr-wolnzach.de\/cms\/wp-json\/wp\/v2\/media?parent=9822"}],"curies":[{"name":"wp","href":"https:\/\/api.w.org\/{rel}","templated":true}]}}