{"id":9847,"date":"2018-11-18T19:26:07","date_gmt":"2018-11-18T18:26:07","guid":{"rendered":"http:\/\/feuerwehr-wolnzach.de\/cms\/?page_id=9847"},"modified":"2018-11-18T19:37:29","modified_gmt":"2018-11-18T18:37:29","slug":"grosse-gefahrgut-uebung","status":"publish","type":"page","link":"https:\/\/feuerwehr-wolnzach.de\/cms\/feuerwehr\/grosse-gefahrgut-uebung\/","title":{"rendered":"Gro\u00dfe Gefahrgut-\u00dcbung"},"content":{"rendered":"<p style=\"text-align: justify;\">18.11.2018 &#8211; Knapp 40 Feuerwehrfrauen und \u2013m\u00e4nner aus Ebenhausen, Geisenfeld, Manching, Pfaffenhofen, Reichertshofen, Schweitenkirchen und Wolnzach kamen am Samstag in der Fr\u00fch bei der GSB-Sonderabfall-Entsorgung Bayern in Baar-Ebenhausen zu einer Gemeinschafts\u00fcbung zusammen.<\/p>\n<p style=\"text-align: justify;\">Einmal j\u00e4hrlich wird von der Kreisbrandinspektion eine solche Gefahrgut-\u00dcbung mit mehreren Wehren aus dem Landkreis Pfaffenhofen organisiert. Sollte n\u00e4mlich einmal ein Ereignis mit Gefahrstoff-Austritt vorkommen, werden sicher mehrere CSA-Feuerwehren zu einem solchen Einsatz alarmiert. Und dann ist nat\u00fcrlich eine gute und reibungslose Zusammenarbeit gefragt.<\/p>\n<p style=\"text-align: justify;\">Dieses Mal gab es als Szenario einen Unfall mit einem Stoffaustritt und zwei verletzten Personen. Eine Person kam mit dem Gefahrstoff in Ber\u00fchrung.<\/p>\n<p style=\"text-align: justify;\">Zu Beginn hatte nat\u00fcrlich die Personenrettung oberste Priorit\u00e4t. Danach musste m\u00f6glichst umfassend erkundet werden. Welcher Stoff tritt aus? Wohin gelangt der ausgetretene Stoff? Mit welchen Mitteln kann ein weiterer Austritt verhindert werden? Gibt es noch weiteres Gefahrenpotential? All das sind wichtige Informationen f\u00fcr den Einsatzleiter, da dieser ja selber nicht nahe an das Geschehen heran kann.<\/p>\n<p style=\"text-align: justify;\">Mit insgesamt sechs Trupps, welche mit CSA (Chemikalien-Schutz-Anzug) ausger\u00fcstet waren, wurde der Einsatz schlie\u00dflich bew\u00e4ltigt. Der besch\u00e4digte Container konnte abgedichtet und weitere Stoffe abgepumpt werden.<\/p>\n<p style=\"text-align: justify;\">Danach mussten alle Trupps noch durch die Dekontamination, damit keine gef\u00e4hrlichen Stoffe aus dem Gefahrenbereich gelangen.<\/p>\n<p style=\"text-align: justify;\">In der Nachbesprechung waren alle mit dem Ergebnis dieser \u00dcbung sehr zufrieden. Auch wenn es bei ein paar Abl\u00e4ufen sicher noch Optimierungsm\u00f6glichkeiten gab. Aber daf\u00fcr werden solche \u00dcbungen ja schlie\u00dflich abgehalten, um im Ernstfall bestm\u00f6glich vorbereitet zu sein.<\/p>\nngg_shortcode_0_placeholder\n<p>tk<\/p>\n","protected":false},"excerpt":{"rendered":"<p>18.11.2018 &#8211; Knapp 40 Feuerwehrfrauen und \u2013m\u00e4nner aus Ebenhausen, Geisenfeld, Manching, Pfaffenhofen, Reichertshofen, Schweitenkirchen und Wolnzach kamen am Samstag in der Fr\u00fch bei der<\/p>\n<p class=\"link-more\"><a class=\"read-more\" href=\"https:\/\/feuerwehr-wolnzach.de\/cms\/feuerwehr\/grosse-gefahrgut-uebung\/\">weiterlesen<\/a><\/p>\n","protected":false},"author":2,"featured_media":9848,"parent":2040,"menu_order":0,"comment_status":"closed","ping_status":"closed","template":"","meta":{"ngg_post_thumbnail":0,"footnotes":""},"class_list":["post-9847","page","type-page","status-publish","has-post-thumbnail","hentry"],"jetpack_shortlink":"https:\/\/wp.me\/P90SfJ-2yP","jetpack_sharing_enabled":true,"_links":{"self":[{"href":"https:\/\/feuerwehr-wolnzach.de\/cms\/wp-json\/wp\/v2\/pages\/9847","targetHints":{"allow":["GET"]}}],"collection":[{"href":"https:\/\/feuerwehr-wolnzach.de\/cms\/wp-json\/wp\/v2\/pages"}],"about":[{"href":"https:\/\/feuerwehr-wolnzach.de\/cms\/wp-json\/wp\/v2\/types\/page"}],"author":[{"embeddable":true,"href":"https:\/\/feuerwehr-wolnzach.de\/cms\/wp-json\/wp\/v2\/users\/2"}],"replies":[{"embeddable":true,"href":"https:\/\/feuerwehr-wolnzach.de\/cms\/wp-json\/wp\/v2\/comments?post=9847"}],"version-history":[{"count":2,"href":"https:\/\/feuerwehr-wolnzach.de\/cms\/wp-json\/wp\/v2\/pages\/9847\/revisions"}],"predecessor-version":[{"id":9854,"href":"https:\/\/feuerwehr-wolnzach.de\/cms\/wp-json\/wp\/v2\/pages\/9847\/revisions\/9854"}],"up":[{"embeddable":true,"href":"https:\/\/feuerwehr-wolnzach.de\/cms\/wp-json\/wp\/v2\/pages\/2040"}],"wp:featuredmedia":[{"embeddable":true,"href":"https:\/\/feuerwehr-wolnzach.de\/cms\/wp-json\/wp\/v2\/media\/9848"}],"wp:attachment":[{"href":"https:\/\/feuerwehr-wolnzach.de\/cms\/wp-json\/wp\/v2\/media?parent=9847"}],"curies":[{"name":"wp","href":"https:\/\/api.w.org\/{rel}","templated":true}]}}