{"id":9979,"date":"2019-01-19T11:28:32","date_gmt":"2019-01-19T10:28:32","guid":{"rendered":"http:\/\/feuerwehr-wolnzach.de\/cms\/?page_id=9979"},"modified":"2019-01-19T12:03:07","modified_gmt":"2019-01-19T11:03:07","slug":"schneekatastrophe-in-den-voralpen","status":"publish","type":"page","link":"https:\/\/feuerwehr-wolnzach.de\/cms\/feuerwehr\/schneekatastrophe-in-den-voralpen\/","title":{"rendered":"Schneekatastrophe in den Voralpen"},"content":{"rendered":"<p style=\"text-align: justify;\"><span style=\"color: #000000;\">18.01.2019 \u2013 Auch die Freiwillige Feuerwehr Wolnzach war vom Schneechaos in den Voralpen betroffen. Da unter anderem der Landkreis Miesbach den Katastrophenfall ausgerufen hatte, wurde beim Landratsamt Pfaffenhofen das Hilfeleistungskontingent angefordert.<\/span><\/p>\n<p style=\"text-align: justify;\"><span style=\"color: #000000;\">So wurden wir am Freitag, den 11.01., gegen 14.30 Uhr informiert, dass wir zum Schneeschaufeln gebraucht werden. In Windeseile wurden sieben Freiwillige gefunden und weitere Helfer, die das ben\u00f6tigte Material in die Fahrzeuge verstauten. Und so machte sich die erste Mannschaft um 17.15 Uhr auf den Weg nach Miesbach.<\/span><\/p>\nngg_shortcode_0_placeholder\n<p style=\"text-align: justify;\"><span style=\"color: #000000;\">Gegen 20.00 Uhr traf das Kontingent (bestehend aus 26 Fahrzeugen und \u00fcber 120 Frauen und M\u00e4nner vom Rettungsdienst, THW und Feuerwehr) in Miesbach ein und es wurden umgehend die Aufgaben an den jeweiligen Objekten zugewiesen. Die Kammeraden aus Wolnzach mussten ein Altenheim von der Schneelast befreien und damit waren sie bis in die Morgenstunden besch\u00e4ftigt. Nach ein paar Stunden Schlaf in einer Turnhalle konnte genug Kraft gesammelt werden, um am sp\u00e4ten Samstagvormittag bereits wieder auf den D\u00e4chern zu arbeiten. Nach insgesamt knapp 28 Stunden waren alle ersch\u00f6pft aber gesund wieder zur\u00fcck im Wolnzacher Ger\u00e4tehaus.<\/span><\/p>\nngg_shortcode_1_placeholder\n<p style=\"text-align: justify;\"><span style=\"color: #000000;\">Am Dienstag, den 15.01., durfte die n\u00e4chste Mannschaft mit dem Hilfeleistungskontingent in Richtung S\u00fcden aufbrechen. Diesmal ging es in den Ort Bayrischzell, der besonders stark von dem vielen Schnee betroffen war. Wieder musste mit Schaufeln und Schiebern bewaffnet der Schnee von den D\u00e4chern bef\u00f6rdert werden. Der Einsatz dauerte von 05.00 \u2013 20.30 Uhr.<\/span><\/p>\nngg_shortcode_2_placeholder\n<p style=\"text-align: justify;\"><span style=\"color: #000000;\">Am Donnerstag, den 17.01., ging es dann zum dritten und letzten Mal ins Schneegebiet. Erneut ging es nach Bayrischzell und wie k\u00f6nnte es anders sein, mussten wieder D\u00e4cher von der hohen Schneelast befreit werden. Auch dieser Einsatz dauerte den ganzen Tag. Aber diesmal hatten unsere \u201eSchneem\u00e4nner\u201c wenigsten mit strahlendem Sonnenschein Gl\u00fcck mit dem Wetter.<\/span><\/p>\nngg_shortcode_3_placeholder\n<p style=\"text-align: justify;\"><span style=\"color: #000000;\">Abschlie\u00dfend k\u00f6nnen wir folgendes Fazit ziehen:<\/span><\/p>\n<ul style=\"text-align: justify;\">\n<li><span style=\"color: #000000;\">In weniger als drei Stunden abmarschbereit zu sein, war unglaublich schnell!<\/span><\/li>\n<li><span style=\"color: #000000;\">Es wurden ca. 470 ehrenamtliche Einsatzstunden geleistet.<\/span><\/li>\n<li><span style=\"color: #000000;\">Mit Mannschaftsbus und Wechsellader wurden zusammen 1.769 km zur\u00fcckgelegt.<\/span><\/li>\n<li><span style=\"color: #000000;\">Schneeschaufeln auf D\u00e4chern ist extrem anstrengend.<\/span><\/li>\n<li><span style=\"color: #000000;\">Miesbach und Bayrischzell liegen in einer sehr sch\u00f6nen Gegend. (Fast so sch\u00f6n wie Wolnzach!)<\/span><\/li>\n<\/ul>\n<p style=\"text-align: justify;\"><span style=\"color: #000000;\">An dieser Stelle nochmals vielen Dank an alle Helfer und auch an deren Arbeitgeber, die Ihre Leute f\u00fcr diesen Katastropheneinsatz bereitwillig freigestellt haben.<\/span><\/p>\n<p style=\"text-align: justify;\">&nbsp;<\/p>\n<p style=\"text-align: justify;\"><span style=\"color: #000000;\">tk<\/span><\/p>\n","protected":false},"excerpt":{"rendered":"<p>18.01.2019 \u2013 Auch die Freiwillige Feuerwehr Wolnzach war vom Schneechaos in den Voralpen betroffen. Da unter anderem der Landkreis Miesbach den Katastrophenfall ausgerufen hatte,<\/p>\n<p class=\"link-more\"><a class=\"read-more\" href=\"https:\/\/feuerwehr-wolnzach.de\/cms\/feuerwehr\/schneekatastrophe-in-den-voralpen\/\">weiterlesen<\/a><\/p>\n","protected":false},"author":4,"featured_media":9997,"parent":2040,"menu_order":0,"comment_status":"closed","ping_status":"closed","template":"","meta":{"ngg_post_thumbnail":0,"footnotes":""},"class_list":["post-9979","page","type-page","status-publish","has-post-thumbnail","hentry"],"jetpack_shortlink":"https:\/\/wp.me\/P90SfJ-2AX","jetpack_sharing_enabled":true,"_links":{"self":[{"href":"https:\/\/feuerwehr-wolnzach.de\/cms\/wp-json\/wp\/v2\/pages\/9979","targetHints":{"allow":["GET"]}}],"collection":[{"href":"https:\/\/feuerwehr-wolnzach.de\/cms\/wp-json\/wp\/v2\/pages"}],"about":[{"href":"https:\/\/feuerwehr-wolnzach.de\/cms\/wp-json\/wp\/v2\/types\/page"}],"author":[{"embeddable":true,"href":"https:\/\/feuerwehr-wolnzach.de\/cms\/wp-json\/wp\/v2\/users\/4"}],"replies":[{"embeddable":true,"href":"https:\/\/feuerwehr-wolnzach.de\/cms\/wp-json\/wp\/v2\/comments?post=9979"}],"version-history":[{"count":7,"href":"https:\/\/feuerwehr-wolnzach.de\/cms\/wp-json\/wp\/v2\/pages\/9979\/revisions"}],"predecessor-version":[{"id":10005,"href":"https:\/\/feuerwehr-wolnzach.de\/cms\/wp-json\/wp\/v2\/pages\/9979\/revisions\/10005"}],"up":[{"embeddable":true,"href":"https:\/\/feuerwehr-wolnzach.de\/cms\/wp-json\/wp\/v2\/pages\/2040"}],"wp:featuredmedia":[{"embeddable":true,"href":"https:\/\/feuerwehr-wolnzach.de\/cms\/wp-json\/wp\/v2\/media\/9997"}],"wp:attachment":[{"href":"https:\/\/feuerwehr-wolnzach.de\/cms\/wp-json\/wp\/v2\/media?parent=9979"}],"curies":[{"name":"wp","href":"https:\/\/api.w.org\/{rel}","templated":true}]}}